{"id":392,"date":"2019-11-18T19:40:36","date_gmt":"2019-11-18T18:40:36","guid":{"rendered":"https:\/\/shoppartner.org\/widerrufsbelehrung\/"},"modified":"2023-04-03T10:53:17","modified_gmt":"2023-04-03T08:53:17","slug":"widerrufsbelehrung","status":"publish","type":"page","link":"https:\/\/shoppartner.org\/en\/widerrufsbelehrung\/","title":{"rendered":"Right of withdrawal"},"content":{"rendered":"<h3>right of withdrawal<\/h3>\n<p>You have the right to withdraw from this contract within fourteen days without giving a reason.<\/p>\n<p>The cancellation period is fourteen days from the day the contract was concluded.<\/p>\n<p>For your cons<img decoding=\"async\" style=\"vertical-align: middle; max-height: 21px;\" src=\"\/wp-content\/uploads\/2023\/04\/anschrift-shoppartner1fel1.png\" \/><img decoding=\"async\" style=\"vertical-align: middle; max-height: 21px;\" src=\"\/wp-content\/uploads\/2023\/04\/anschrift-shoppartner1fel2.png\" \/>, Germany Tel.: +49-22164000422, email: <img decoding=\"async\" style=\"vertical-align: middle; max-height: 21px;\" src=\"\/wp-content\/uploads\/2023\/04\/anschrift-shoppartner1fel3email.png\" \/>) by means of a clear declaration (e.g. by post, fax or e-mail) of your decision to withdraw from this contract.<\/p>\n<p>You can use the attached sample revocation form for this, but this is not mandatory.<\/p>\n<h3>Consequences of revocation<\/h3>\n<p>If you revoke this contract, we have paid you all payments that we have received from you, including the delivery costs (with the exception of the additional costs resulting from the fact that you have chosen a different type of delivery than the cheapest standard delivery offered by us have), immediately and at the latest within fourteen days from the day on which we received the notification of your cancellation of this contract.<\/p>\n<p>For this repayment, we use the same means of payment that you used in the original transaction, unless something else was expressly agreed with you; under no circumstances will you be charged fees for this repayment.<\/p>\n<p>If you have requested that the services should begin during the cancellation period, you must pay us a reasonable amount proportionate to the services rendered up to the point at which you informed us of your exercise of the right of cancellation in relation to this contract compared to the total scope of the services provided for in the contract.<\/p>\n<h3>Sample withdrawal form<\/h3>\n<p>(If you want to revoke the contract, please fill out this form and send it back.)<\/p>\n<p>to company <img decoding=\"async\" style=\"vertical-align: middle; max-height: 21px;\" src=\"\/wp-content\/uploads\/2023\/04\/anschrift-shoppartner1fel1.png\" \/><img decoding=\"async\" style=\"vertical-align: middle; max-height: 21px;\" src=\"\/wp-content\/uploads\/2023\/04\/anschrift-shoppartner1fel2.png\" \/>, Germany, phone: -49-22164000422, email: <img decoding=\"async\" style=\"vertical-align: middle; max-height: 21px;\" src=\"\/wp-content\/uploads\/2023\/04\/anschrift-shoppartner1fel3email.png\" \/>:<\/p>\n<p>I\/we () hereby revoke the contract concluded by me\/us () for the provision of the following service (*)<\/p>\n<p>Ordered on ()\/received on ()<\/p>\n<p>Name of consumer(s)<\/p>\n<p>Address of consumer(s)<\/p>\n<p>Signature of consumer(s) (only if notification is on paper)<\/p>\n<p>Date<\/p>\n<p>(*) Delete where not applicable.<\/p>\n<p>End of revocation.<\/p>","protected":false},"excerpt":{"rendered":"<p>Widerrufsrecht Sie haben das Recht, binnen vierzehn Tagen ohne Angabe von Gr\u00fcnden diesen Vertrag zu widerrufen. Die Widerrufsfrist betr\u00e4gt vierzehn Tage ab dem Tag des Vertragsabschlusses. Um Ihr Wider, Deutschland Tel.: +49-22164000422, E-Mail: ) mittels einer eindeutigen Erkl\u00e4rung (z. B. per Post, Fax oder E-Mail) \u00fcber Ihren Entschluss, diesen Vertrag zu widerrufen, informieren. Sie k\u00f6nnen [&hellip;]<\/p>","protected":false},"author":1,"featured_media":0,"parent":0,"menu_order":0,"comment_status":"closed","ping_status":"closed","template":"","meta":{"_monsterinsights_skip_tracking":false,"_monsterinsights_sitenote_active":false,"_monsterinsights_sitenote_note":"","_monsterinsights_sitenote_category":0},"aioseo_notices":[],"_links":{"self":[{"href":"https:\/\/shoppartner.org\/en\/wp-json\/wp\/v2\/pages\/392"}],"collection":[{"href":"https:\/\/shoppartner.org\/en\/wp-json\/wp\/v2\/pages"}],"about":[{"href":"https:\/\/shoppartner.org\/en\/wp-json\/wp\/v2\/types\/page"}],"author":[{"embeddable":true,"href":"https:\/\/shoppartner.org\/en\/wp-json\/wp\/v2\/users\/1"}],"replies":[{"embeddable":true,"href":"https:\/\/shoppartner.org\/en\/wp-json\/wp\/v2\/comments?post=392"}],"version-history":[{"count":13,"href":"https:\/\/shoppartner.org\/en\/wp-json\/wp\/v2\/pages\/392\/revisions"}],"predecessor-version":[{"id":8079,"href":"https:\/\/shoppartner.org\/en\/wp-json\/wp\/v2\/pages\/392\/revisions\/8079"}],"wp:attachment":[{"href":"https:\/\/shoppartner.org\/en\/wp-json\/wp\/v2\/media?parent=392"}],"curies":[{"name":"wp","href":"https:\/\/api.w.org\/{rel}","templated":true}]}}