{"id":7831,"date":"2022-12-01T05:33:49","date_gmt":"2022-12-01T04:33:49","guid":{"rendered":"https:\/\/shoppartner.org\/?post_type=product&#038;p=7831"},"modified":"2025-04-24T07:45:55","modified_gmt":"2025-04-24T05:45:55","slug":"leistungs-konfigurator","status":"publish","type":"product","link":"https:\/\/shoppartner.org\/en\/shop\/leistungs-konfigurator\/","title":{"rendered":"Performance configurator"},"content":{"rendered":"<div class=\"container_accordeon\">\n<h1 style=\"text-align: center;\">eBay Templates &#8211; Fragen &amp; Antworten<\/h1>\n<p style=\"text-align: center;\"><a class=\"myproduct_button\" href=\"\/en\/_demo\/page-templates.php\/?lang=\">\u2192 Template Beispiele anschauen<\/a><\/p>\n<hr \/>\n<div class=\"myaccordeon\">\n<div class=\"acc_col\"><!--\n\n\n<h2>Open <b>one<\/b><\/h2>\n\n\n--><\/p>\n<div class=\"acctabs\">\n<div class=\"acctab\"><input id=\"rd1\" name=\"rd\" type=\"radio\" \/><br \/>\n<label class=\"acctab-label\" for=\"rd1\">Was genau bedeutet &#8222;Individuelles Template-Design&#8220; ?<\/label><\/p>\n<div class=\"acctab-content\">Nach Ihrer Bestellung passen unsere Designer die gekaufte Template bestm\u00f6glich an Ihre individuellen Bed\u00fcrfnisse an, soweit technisch m\u00f6glich. Sie k\u00f6nnen aber auch alles uns \u00fcberlassen und wir fertigen Ihnen eine professionelle und verkaufsf\u00f6rdernde Verkaufsvorlage. Sofern Sie bereits \u00fcber ein Logo oder eine Website verf\u00fcgen, wird das Template farblich und vom Layout her an diese angepasst, sofern keine abweichenden W\u00fcnsche bestehen. (Sollte der Aufwand f\u00fcr Anpassungen sehr hoch sein, informieren wir Sie &#8222;vorab&#8220; \u00fcber den geringf\u00fcgigen Zusatzbetrag.)<\/div>\n<\/div>\n<div class=\"acctab\"><input id=\"rd2\" name=\"rd\" type=\"radio\" \/><br \/>\n<label class=\"acctab-label\" for=\"rd2\">Are there hidden costs?<\/label><\/p>\n<div class=\"acctab-content\">Nein. Sie zahlen nur den genannten einmaligen Preis (siehe &#8222;Bestellen&#8220; Button). Sie erhalten Ihre Template und k\u00f6nnen unseren Template Editor kostenfrei nutzen.<\/div>\n<\/div>\n<div class=\"acctab\"><input id=\"rd3\" name=\"rd\" type=\"radio\" \/><br \/>\n<label class=\"acctab-label\" for=\"rd3\">How is the process?<\/label><\/p>\n<div class=\"acctab-content\">Ganz einfach. Sie bestellen und erhalten i.d.R. innerhalb von 24 Stunden Ihre Template sowie Zugangsdaten und die Anleitung zu Template-Editor per Email. Zus\u00e4tzliche W\u00fcnsche etc. k\u00f6nnen Sie gerne in das Kommentarfeld bei Ihrer Bestellung schreiben oder auch nachtr\u00e4glich per Email oder Kontaktformular.<\/div>\n<\/div>\n<div class=\"acctab\"><input id=\"rd4\" name=\"rd\" type=\"radio\" \/><br \/>\n<label class=\"acctab-label\" for=\"rd4\">Wie viele eBay-Angebote kann ich mit dem Editor bearbeiten?<\/label><\/p>\n<div class=\"acctab-content\">Theoretisch k\u00f6nnen Sie beliebig viele Templates f\u00fcr Ebayangebote erstellen. Diese werden auch \u00fcbersichtlich in unserem Editor dargestellt. Falls Sie sehr viele Produkte haben, lohnt sich evtl. jedoch eine professionelle Listingsoftware wie Afterbuy, JTL, Plentymarkets oder Magnalister, um Ihre Angebote automatisch in unserem Templatedesign bei Ebay zu listen.<\/div>\n<\/div>\n<div class=\"acctab\"><input id=\"rd5\" name=\"rd\" type=\"radio\" \/><br \/>\n<label class=\"acctab-label\" for=\"rd5\">Do you really not need any programming skills?<\/label><\/p>\n<div class=\"acctab-content\">Richtig. Sie tragen einfach die Produktdaten in vordefinierte Bereiche der Template ein und unser Template-Editor erstellt daraus ein professionelles Layout. Sie werden sich wundern, wie einfach das geht.<\/div>\n<\/div>\n<div class=\"acctab\"><input id=\"rd6\" name=\"rd\" type=\"radio\" \/><br \/>\n<label class=\"acctab-label\" for=\"rd6\">Can I also use the template on other auction platforms?<\/label><\/p>\n<div class=\"acctab-content\">Ja, neben ebay.de, ebay.com, ebay.co.uk, usw. kann die Vorlage z.B. auch bei Hood.de eingesetzt werden. Sie ist theoretisch \u00fcberall einsetzbar, wo im Beschreibungtext HTML und Css erlaubt sind.<\/div>\n<\/div>\n<div class=\"acctab\"><input id=\"rd7\" name=\"rd\" type=\"radio\" \/><br \/>\n<label class=\"acctab-label\" for=\"rd7\">Template kompatibel mit Listing-Tools wie Afterbuy, Plentymarkets, JTL, Magnalister, etc?<\/label><\/p>\n<div class=\"acctab-content\">Ja, Sie k\u00f6nnen unsere Template sehr leicht mit den popul\u00e4ren Listingstools verwenden. Wir haben Kurzanleitungen erstellt, mit denen Sie die Template schnell und einfach in der Listingsoftware einsetzen k\u00f6nnen.<\/div>\n<\/div>\n<div class=\"acctab\"><input id=\"rd8\" name=\"rd\" type=\"radio\" \/><br \/>\n<label class=\"acctab-label\" for=\"rd8\">Can areas be removed from or added to the template?<\/label><\/p>\n<div class=\"acctab-content\">Ja. Mit nur einem Klick k\u00f6nnen Sie Bereiche wie z.B. eine Galerie oder den die Fu\u00dfzeile aktivieren oder deaktivieren. Dies k\u00f6nnen Sie je nach Produkt individuell bestimmen.<\/div>\n<\/div>\n<div class=\"acctab\"><input id=\"rd9\" name=\"rd\" type=\"radio\" \/><br \/>\n<label class=\"acctab-label\" for=\"rd9\">Kann ich Videos und Tabellen in der Template darstellen?<\/label><\/p>\n<div class=\"acctab-content\">Ja, sogar sehr einfach. Daf\u00fcr gibt es Beschreibungen und Anleitungsvideos.<\/div>\n<\/div>\n<div class=\"acctab\"><input id=\"rd10\" name=\"rd\" type=\"radio\" \/><br \/>\n<label class=\"acctab-label\" for=\"rd10\">Where are my pictures stored?<\/label><\/p>\n<div class=\"acctab-content\">Mit unserer neuen Funktion &#8222;Ebay-Import&#8220; k\u00f6nnen Sie sogar z.B. die Bilder vorhandener Ebayangebote in die Template holen, ohne Bilder nochmals hochladen zu m\u00fcssen. Falls Sie dennoch Bilder hochladen m\u00f6chten, zeigen wir Ihnen in unserem Anleitungsvideo, wie Sie Ihre Bilder ganz einfach geb\u00fcndelt hochladen und dann im Template Editor einf\u00fcgen k\u00f6nnen. Sie ben\u00f6tigen also keinen eigenen Server f\u00fcr Ihre Bilder.<\/div>\n<\/div>\n<div class=\"acctab\"><input id=\"rd11\" name=\"rd\" type=\"radio\" \/><br \/>\n<label class=\"acctab-label\" for=\"rd11\">Helfen Sie mir, falls ich nicht weiterkommen sollte?<\/label><\/p>\n<div class=\"acctab-content\">Ja, unser kostenfreier Support steht Ihnen mit Rat und Tat dauerhaft zur Seite. Per Chat, Email und Telefon.<\/div>\n<\/div>\n<div class=\"acctab\"><input id=\"rd12\" name=\"rd\" type=\"radio\" \/><br \/>\n<label class=\"acctab-label\" for=\"rd12\">Kann ich auch &#8222;auf Rechnung&#8220; bestellen?<\/label><\/p>\n<div class=\"acctab-content\">Ja, das k\u00f6nnen Sie. Sie bestellen, wir machen das Produkt schon vor Ihrer Bezahlung fertig und senden Ihnen anschlie\u00dfend eine Rechnung.<\/div>\n<\/div>\n<\/div>\n<\/div>\n<\/div>\n<p><!-- end col --><\/p>\n<\/div>","protected":false},"excerpt":{"rendered":"<h3>Please select desired services:<\/h3>","protected":false},"featured_media":7849,"template":"","meta":{"_monsterinsights_skip_tracking":false,"_monsterinsights_sitenote_active":false,"_monsterinsights_sitenote_note":"","_monsterinsights_sitenote_category":0},"product_cat":[103],"product_tag":[],"aioseo_notices":[],"_links":{"self":[{"href":"https:\/\/shoppartner.org\/en\/wp-json\/wp\/v2\/product\/7831"}],"collection":[{"href":"https:\/\/shoppartner.org\/en\/wp-json\/wp\/v2\/product"}],"about":[{"href":"https:\/\/shoppartner.org\/en\/wp-json\/wp\/v2\/types\/product"}],"wp:featuredmedia":[{"embeddable":true,"href":"https:\/\/shoppartner.org\/en\/wp-json\/wp\/v2\/media\/7849"}],"wp:attachment":[{"href":"https:\/\/shoppartner.org\/en\/wp-json\/wp\/v2\/media?parent=7831"}],"wp:term":[{"taxonomy":"product_cat","embeddable":true,"href":"https:\/\/shoppartner.org\/en\/wp-json\/wp\/v2\/product_cat?post=7831"},{"taxonomy":"product_tag","embeddable":true,"href":"https:\/\/shoppartner.org\/en\/wp-json\/wp\/v2\/product_tag?post=7831"}],"curies":[{"name":"wp","href":"https:\/\/api.w.org\/{rel}","templated":true}]}}